{"id":1373,"date":"2024-04-29T01:34:18","date_gmt":"2024-04-28T23:34:18","guid":{"rendered":"https:\/\/www.le-cyclopede.com\/?page_id=1373"},"modified":"2024-05-12T14:49:59","modified_gmt":"2024-05-12T12:49:59","slug":"conditions-generale-de-vente","status":"publish","type":"page","link":"https:\/\/www.le-cyclopede.com\/?page_id=1373","title":{"rendered":"conditions generale de vente"},"content":{"rendered":"\t\t<div data-elementor-type=\"wp-page\" data-elementor-id=\"1373\" class=\"elementor elementor-1373\" data-elementor-post-type=\"page\">\n\t\t\t\t<div class=\"elementor-element elementor-element-17f3da0 e-flex e-con-boxed e-con e-parent\" data-id=\"17f3da0\" data-element_type=\"container\" data-e-type=\"container\" data-settings=\"{&quot;background_background&quot;:&quot;classic&quot;}\">\n\t\t\t\t\t<div class=\"e-con-inner\">\n\t\t<div class=\"elementor-element elementor-element-f8b038f e-con-full e-flex e-con e-child\" data-id=\"f8b038f\" data-element_type=\"container\" data-e-type=\"container\">\n\t\t\t\t<\/div>\n\t\t<div class=\"elementor-element elementor-element-de706b7 e-con-full e-flex e-con e-child\" data-id=\"de706b7\" data-element_type=\"container\" data-e-type=\"container\" data-settings=\"{&quot;background_background&quot;:&quot;classic&quot;,&quot;background_motion_fx_motion_fx_scrolling&quot;:&quot;yes&quot;,&quot;background_motion_fx_devices&quot;:[&quot;desktop&quot;,&quot;tablet&quot;,&quot;mobile&quot;]}\">\n\t\t\t\t<div class=\"elementor-element elementor-element-4e27cad elementor-widget__width-initial elementor-widget elementor-widget-text-editor\" data-id=\"4e27cad\" data-element_type=\"widget\" data-e-type=\"widget\" data-widget_type=\"text-editor.default\">\n\t\t\t\t<div class=\"elementor-widget-container\">\n\t\t\t\t\t\t\t\t\t<h1><strong>Conditions g\u00e9n\u00e9rales de vente <\/strong><\/h1><p><strong>Article 1 Objet<\/strong><\/p><p>Les conditions g\u00e9n\u00e9rales de ventes d\u00e9crites ci-apr\u00e8s d\u00e9taillent les droits et obligations de Le-cyclopede.com et de ses clients dans le cadre de la vente de pi\u00e8ces et accessoires de v\u00e9los<\/p><p><strong>le-cyclopede.com<\/strong> : d\u00e9signe Monsieur <strong>Stephane LETEMPLIER<\/strong> sous le statut d&rsquo;auto-entrepreneur, domicili\u00e9 \u00e0\u00a0: 7 rue RADIGUEY 92120 MONTROUGE, France, dont le num\u00e9ro de SIRET est 509 703 161 000 18. Le-Cyclopede.com est une auto-entreprise (statut auto-entrepreneur) sp\u00e9cialis\u00e9e dans la r\u00e9alisation de V\u00e9lo Electriques sur mesures, vente en ligne de pi\u00e8ces et accessoires pour v\u00e9los dont le code PAE est\u00a0: 4791A.<\/p><p>Le client reconna\u00eet avoir pris connaissance de ces pr\u00e9sentes \u00ab <em>Conditions G\u00e9n\u00e9rales de Vente<\/em> \u00bb, et les accepter sans r\u00e9serve, \u00e0 la passation de toute commande. Le simple fait de passer une commande, vaut acceptation de la part du client, sans r\u00e9serve ni aucune condition, des pr\u00e9sentes \u00ab <em>Conditions G\u00e9n\u00e9rales de Vente<\/em> \u00bb.<\/p><p><strong>Article 2 Pr\u00e9sentation des produits<\/strong><\/p><p>Les caract\u00e9ristiques des produits propos\u00e9s \u00e0 la vente sont pr\u00e9sent\u00e9es dans la rubrique \u00a0\u00bb Cat\u00e9gories\u00a0\u00bb de notre site. Les photographies n&rsquo;entrent pas dans le champ contractuel. La responsabilit\u00e9 de la soci\u00e9t\u00e9 le-cyclopede.com ne peut \u00eatre engag\u00e9e si des erreurs s&rsquo;y sont introduites. Tous les textes et images pr\u00e9sent\u00e9s sur le site de la soci\u00e9t\u00e9 le-cyclopede.com sont r\u00e9serv\u00e9s, pour le monde entier, au titre des droits d&rsquo;auteur et de propri\u00e9t\u00e9 intellectuelle; leur reproduction, m\u00eame partielle, est strictement interdite.<strong>\u00a0<\/strong><\/p><p><strong>Article 3 Dur\u00e9e de validit\u00e9 des offres de vente<\/strong><\/p><p>Les produits sont propos\u00e9s \u00e0 la vente jusqu&rsquo;\u00e0 \u00e9puisement du stock. En cas de commande d&rsquo;un produit devenu indisponible, le client sera inform\u00e9 de cette indisponibilit\u00e9, dans les meilleurs d\u00e9lais, par courrier \u00e9lectronique ou par courrier postal.<\/p><p><strong>Article 4 Prix des produits<\/strong><\/p><p>La rubrique \u00a0\u00bb Cat\u00e9gories \u00a0\u00bb de notre site indique les prix en euros, dollar australien, dollar US, dollar canadien, Pound et Yen hors taxe, hors frais de port. La soci\u00e9t\u00e9 le-cyclopede.com se r\u00e9serve le droit de modifier ses prix \u00e0 tout moment mais les produits command\u00e9s sont factur\u00e9s au prix en vigueur lors de l&rsquo;enregistrement de la commande. Les tarifs propos\u00e9s comprennent les rabais et ristournes que l&rsquo;entreprise le-cyclopede.com. serait amen\u00e9e \u00e0 octroyer compte tenu de ses r\u00e9sultats ou de la prise en charge par l&rsquo;acheteur de certaines prestations. Aucun escompte ne sera accord\u00e9 en cas de paiement anticip\u00e9.<\/p><p><strong>Article 5 Commande<\/strong><\/p><p>Le client valide sa commande lorsqu&rsquo;il active le lien \u00a0\u00bb Confirmez votre commande \u00a0\u00bb en bas de la page \u00a0\u00bb R\u00e9capitulatif de votre commande \u00a0\u00bb apr\u00e8s avoir accept\u00e9 les pr\u00e9sentes conditions de vente. Avant cette validation, il est syst\u00e9matiquement propos\u00e9 au client de v\u00e9rifier chacun des \u00e9l\u00e9ments de sa commande; il peut ainsi corriger ses erreurs \u00e9ventuelles. La soci\u00e9t\u00e9 le-cyclopede.com confirme la commande par courrier \u00e9lectronique; cette information reprend notamment tous les \u00e9l\u00e9ments de la commande et le droit de r\u00e9tractation du client. Les donn\u00e9es enregistr\u00e9es par la soci\u00e9t\u00e9 le-cyclopede.com constituent la preuve de la nature, du contenu et de la date de la commande. Celle-ci est archiv\u00e9e par la soci\u00e9t\u00e9 le-cyclopede.com dans les conditions et les d\u00e9lais l\u00e9gaux; le client peut acc\u00e9der \u00e0 cet archivage en contactant le service Relations Clients.<\/p><p><strong>Article 6 Modalit\u00e9s de paiement<\/strong><\/p><p>Le r\u00e8glement des commandes s&rsquo;effectue par ch\u00e8que, virement bancaire, compte Paypal.<\/p><p><strong>Article 7 D\u00e9lai de r\u00e9tractation<\/strong><\/p><p>L&rsquo;Acheteur dispose d&rsquo;un d\u00e9lai de quatorze jours francs, \u00e0 compter de la r\u00e9ception des produits, pour exercer son droit de r\u00e9tractation sans avoir \u00e0 justifier de motifs ni \u00e0 payer de p\u00e9nalit\u00e9s, \u00e0 l&rsquo;exception, le cas \u00e9ch\u00e9ant, des frais de retour. Si le d\u00e9lai de quatorze jours vient \u00e0 expirer un samedi, un dimanche ou un jour f\u00e9ri\u00e9 ou ch\u00f4m\u00e9, il est prorog\u00e9 jusqu&rsquo;au premier jour ouvrable suivant. En cas d&rsquo;exercice du droit de r\u00e9tractation, la soci\u00e9t\u00e9 rembourse l&rsquo;Acheteur de la totalit\u00e9 des sommes vers\u00e9es, dans les meilleurs d\u00e9lais et au plus tard dans les quatorze jours suivant la date \u00e0 laquelle ce droit a \u00e9t\u00e9 exerc\u00e9.<\/p><p><strong>Article 8 Livraison<\/strong><\/p><p>Tout produit est livr\u00e9 sans garantie quant aux d\u00e9lais. La date limite de livraison varie suivant leur adresse. Elle est fix\u00e9e, pour une adresse en France m\u00e9tropolitaine, au jour du paiement + 8 jours et, pour les autres destinations, au jour du paiement + 1 mois.<\/p><p><strong>Article 9 Relations clients &#8211; Service apr\u00e8s-vente<\/strong><\/p><p>Pour toute information, question ou r\u00e9clamation, le client peut s&rsquo;adresser du lundi au vendredi, de 9 h \u00e0 18 h au service Relations Clients de la soci\u00e9t\u00e9<\/p><p><strong>le-cyclopede.com<\/strong><\/p><p>Adresse: <strong>7 rue RADIGUEY 92120 MONTROUGE<\/strong><\/p><p>e-mail: <strong>le.cyclopede@orange.fr<\/strong><\/p><p>(r\u00e9ponse tr\u00e8s rapide)<\/p>\t\t\t\t\t\t\t\t<\/div>\n\t\t\t\t<\/div>\n\t\t\t\t<\/div>\n\t\t<div class=\"elementor-element elementor-element-b46e526 e-con-full e-flex e-con e-child\" data-id=\"b46e526\" data-element_type=\"container\" data-e-type=\"container\">\n\t\t\t\t<\/div>\n\t\t\t\t\t<\/div>\n\t\t\t\t<\/div>\n\t\t\t\t<\/div>\n\t\t","protected":false},"excerpt":{"rendered":"<p>Conditions g\u00e9n\u00e9rales de vente Article 1 Objet Les conditions g\u00e9n\u00e9rales de ventes d\u00e9crites ci-apr\u00e8s d\u00e9taillent les droits et obligations de Le-cyclopede.com et de ses clients dans le cadre de la vente de pi\u00e8ces et accessoires de v\u00e9los le-cyclopede.com : d\u00e9signe Monsieur Stephane LETEMPLIER sous le statut d&rsquo;auto-entrepreneur, domicili\u00e9 \u00e0\u00a0: 7 rue RADIGUEY 92120 MONTROUGE, France, &hellip; <\/p>\n<p class=\"link-more\"><a href=\"https:\/\/www.le-cyclopede.com\/?page_id=1373\" class=\"more-link\">Continuer la lecture<span class=\"screen-reader-text\"> de &laquo;&nbsp;conditions generale de vente&nbsp;&raquo;<\/span><\/a><\/p>\n","protected":false},"author":1,"featured_media":0,"parent":0,"menu_order":0,"comment_status":"closed","ping_status":"closed","template":"elementor_canvas","meta":{"footnotes":""},"class_list":["post-1373","page","type-page","status-publish","hentry"],"_links":{"self":[{"href":"https:\/\/www.le-cyclopede.com\/index.php?rest_route=\/wp\/v2\/pages\/1373","targetHints":{"allow":["GET"]}}],"collection":[{"href":"https:\/\/www.le-cyclopede.com\/index.php?rest_route=\/wp\/v2\/pages"}],"about":[{"href":"https:\/\/www.le-cyclopede.com\/index.php?rest_route=\/wp\/v2\/types\/page"}],"author":[{"embeddable":true,"href":"https:\/\/www.le-cyclopede.com\/index.php?rest_route=\/wp\/v2\/users\/1"}],"replies":[{"embeddable":true,"href":"https:\/\/www.le-cyclopede.com\/index.php?rest_route=%2Fwp%2Fv2%2Fcomments&post=1373"}],"version-history":[{"count":88,"href":"https:\/\/www.le-cyclopede.com\/index.php?rest_route=\/wp\/v2\/pages\/1373\/revisions"}],"predecessor-version":[{"id":1980,"href":"https:\/\/www.le-cyclopede.com\/index.php?rest_route=\/wp\/v2\/pages\/1373\/revisions\/1980"}],"wp:attachment":[{"href":"https:\/\/www.le-cyclopede.com\/index.php?rest_route=%2Fwp%2Fv2%2Fmedia&parent=1373"}],"curies":[{"name":"wp","href":"https:\/\/api.w.org\/{rel}","templated":true}]}}