{"id":359,"date":"2024-04-24T01:54:12","date_gmt":"2024-04-23T23:54:12","guid":{"rendered":"https:\/\/www.le-cyclopede.com\/?page_id=359"},"modified":"2024-09-28T14:41:33","modified_gmt":"2024-09-28T12:41:33","slug":"aston-martin","status":"publish","type":"page","link":"https:\/\/www.le-cyclopede.com\/?page_id=359","title":{"rendered":"Aston Martin"},"content":{"rendered":"\t\t<div data-elementor-type=\"wp-page\" data-elementor-id=\"359\" class=\"elementor elementor-359\" data-elementor-post-type=\"page\">\n\t\t\t\t<div class=\"elementor-element elementor-element-91d012d e-flex e-con-boxed e-con e-parent\" data-id=\"91d012d\" data-element_type=\"container\" data-e-type=\"container\">\n\t\t\t\t\t<div class=\"e-con-inner\">\n\t\t<div class=\"elementor-element elementor-element-444a44d e-con-full e-flex e-con e-child\" data-id=\"444a44d\" data-element_type=\"container\" data-e-type=\"container\">\n\t\t\t\t<div class=\"elementor-element elementor-element-99dcb07 eael-flip-box--3d eael-flipbox-content-align-center elementor-widget elementor-widget-eael-flip-box\" data-id=\"99dcb07\" data-element_type=\"widget\" data-e-type=\"widget\" data-widget_type=\"eael-flip-box.default\">\n\t\t\t\t<div class=\"elementor-widget-container\">\n\t\t\t\t\t        <div class=\"eael-elements-flip-box-container eael-animate-flip eael-animate-left eael-content eael-flip-box-hover eael-flipbox-fixed-height eael-flipbox-dynamic\">\n\n            <div class=\"eael-elements-flip-box-flip-card\">\n                <div class=\"eael-elements-flip-box-front-container\">\n                    \n                    \n                        <div class=\"eael-elements-slider-display-table\">\n                            <div class=\"eael-elements-flip-box-vertical-align\">\n                                <div class=\"eael-elements-flip-box-padding\">\n                                    <div class=\"eael-elements-flip-box-icon-image\">\n                                                                            <\/div>\n                                                                        <div class=\"eael-elements-flip-box-content\">\n\t                                                                        <\/div>\n                                <\/div>\n                            <\/div>\n                        <\/div>\n                                    <\/div>\n\n                <div class=\"eael-elements-flip-box-rear-container\">\n                                                                <div class=\"eael-elements-slider-display-table\">\n                            <div class=\"eael-elements-flip-box-vertical-align\">\n                                <div class=\"eael-elements-flip-box-padding\">\n                                                                                                            <div class=\"eael-elements-flip-box-content\">\n                                                                            <\/div>\n\n                                                                    <\/div>\n                            <\/div>\n                        <\/div>\n                                    <\/div>\n            <\/div>\n        <\/div>\n        \t\t\t\t<\/div>\n\t\t\t\t<\/div>\n\t\t\t\t<div class=\"elementor-element elementor-element-1f97c42 elementor-widget__width-initial elementor-widget elementor-widget-text-editor\" data-id=\"1f97c42\" data-element_type=\"widget\" data-e-type=\"widget\" data-widget_type=\"text-editor.default\">\n\t\t\t\t<div class=\"elementor-widget-container\">\n\t\t\t\t\t\t\t\t\t<p>British Touch pour ce <strong>Beach-Cruiser <\/strong>Fa\u00e7on Aston-Martin. Sellerie BROOKS, Transmission STURMEY-ARCHER et le pr\u00e9cieux Vert Anglais ASTON-MARTIN Racing Team jusque dans l&rsquo;habillage cuir pleine fleur de la batterie. \u00a0Une petite touche vintage avec une fourche Springer Monark pour compl\u00e9ter la robe de notre belle anglaise.<\/p><p>Des \u00e9quipements \u00e0 la hauteur de son nom:<\/p><ul><li>Frein disque hydraulique sur disque 180mm<\/li><li>motorisation centrale BBShd 48V 1000W<\/li><li>Energie: Bat lithium 1500 W\/h<\/li><\/ul><p>\u00a0<\/p><p>\u00a0<\/p>\t\t\t\t\t\t\t\t<\/div>\n\t\t\t\t<\/div>\n\t\t\t\t<\/div>\n\t\t<div class=\"elementor-element elementor-element-230c9e4 e-con-full e-flex e-con e-child\" data-id=\"230c9e4\" data-element_type=\"container\" data-e-type=\"container\">\n\t\t\t\t<div class=\"elementor-element elementor-element-3c94df0 elementor-pagination-position-inside elementor-arrows-position-inside elementor-widget elementor-widget-image-carousel\" data-id=\"3c94df0\" data-element_type=\"widget\" data-e-type=\"widget\" data-settings=\"{&quot;slides_to_show&quot;:&quot;1&quot;,&quot;navigation&quot;:&quot;both&quot;,&quot;autoplay&quot;:&quot;yes&quot;,&quot;pause_on_hover&quot;:&quot;yes&quot;,&quot;pause_on_interaction&quot;:&quot;yes&quot;,&quot;autoplay_speed&quot;:5000,&quot;infinite&quot;:&quot;yes&quot;,&quot;effect&quot;:&quot;slide&quot;,&quot;speed&quot;:500}\" data-widget_type=\"image-carousel.default\">\n\t\t\t\t<div class=\"elementor-widget-container\">\n\t\t\t\t\t\t\t<div class=\"elementor-image-carousel-wrapper swiper\" role=\"region\" aria-roledescription=\"carousel\" aria-label=\"Carrousel d\u2019images\" dir=\"ltr\">\n\t\t\t<div class=\"elementor-image-carousel swiper-wrapper\" aria-live=\"off\">\n\t\t\t\t\t\t\t\t<div class=\"swiper-slide\" role=\"group\" aria-roledescription=\"slide\" aria-label=\"1 sur 24\"><figure class=\"swiper-slide-inner\"><img decoding=\"async\" class=\"swiper-slide-image\" src=\"https:\/\/www.le-cyclopede.com\/wp-content\/uploads\/2024\/04\/00astonDroit0924_165026.jpg\" alt=\"00astonDroit0924_165026\" \/><\/figure><\/div><div class=\"swiper-slide\" role=\"group\" aria-roledescription=\"slide\" aria-label=\"2 sur 24\"><figure class=\"swiper-slide-inner\"><img decoding=\"async\" class=\"swiper-slide-image\" src=\"https:\/\/www.le-cyclopede.com\/wp-content\/uploads\/2024\/04\/000Aston-0920_161423.jpg\" alt=\"000Aston 0920_161423\" \/><\/figure><\/div><div class=\"swiper-slide\" role=\"group\" aria-roledescription=\"slide\" aria-label=\"3 sur 24\"><figure class=\"swiper-slide-inner\"><img decoding=\"async\" class=\"swiper-slide-image\" src=\"https:\/\/www.le-cyclopede.com\/wp-content\/uploads\/2024\/04\/000Aston-0921_160838.jpg\" alt=\"000Aston 0921_160838\" \/><\/figure><\/div><div class=\"swiper-slide\" role=\"group\" aria-roledescription=\"slide\" aria-label=\"4 sur 24\"><figure class=\"swiper-slide-inner\"><img decoding=\"async\" class=\"swiper-slide-image\" src=\"https:\/\/www.le-cyclopede.com\/wp-content\/uploads\/2024\/04\/000Aston-0921_160852.jpg\" alt=\"000Aston 0921_160852\" \/><\/figure><\/div><div class=\"swiper-slide\" role=\"group\" aria-roledescription=\"slide\" aria-label=\"5 sur 24\"><figure class=\"swiper-slide-inner\"><img decoding=\"async\" class=\"swiper-slide-image\" src=\"https:\/\/www.le-cyclopede.com\/wp-content\/uploads\/2024\/04\/000Aston-0922_163538.jpg\" alt=\"000Aston 0922_163538\" \/><\/figure><\/div><div class=\"swiper-slide\" role=\"group\" aria-roledescription=\"slide\" aria-label=\"6 sur 24\"><figure class=\"swiper-slide-inner\"><img decoding=\"async\" class=\"swiper-slide-image\" src=\"https:\/\/www.le-cyclopede.com\/wp-content\/uploads\/2024\/04\/000aston0924_155633.jpg\" alt=\"000aston0924_155633\" \/><\/figure><\/div><div class=\"swiper-slide\" role=\"group\" aria-roledescription=\"slide\" aria-label=\"7 sur 24\"><figure class=\"swiper-slide-inner\"><img decoding=\"async\" class=\"swiper-slide-image\" src=\"https:\/\/www.le-cyclopede.com\/wp-content\/uploads\/2024\/04\/000aston0924_155828.jpg\" alt=\"000aston0924_155828\" \/><\/figure><\/div><div class=\"swiper-slide\" role=\"group\" aria-roledescription=\"slide\" aria-label=\"8 sur 24\"><figure class=\"swiper-slide-inner\"><img decoding=\"async\" class=\"swiper-slide-image\" src=\"https:\/\/www.le-cyclopede.com\/wp-content\/uploads\/2024\/04\/000Aston-0921_160452.jpg\" alt=\"000Aston 0921_160452\" \/><\/figure><\/div><div class=\"swiper-slide\" role=\"group\" aria-roledescription=\"slide\" aria-label=\"9 sur 24\"><figure class=\"swiper-slide-inner\"><img decoding=\"async\" class=\"swiper-slide-image\" src=\"https:\/\/www.le-cyclopede.com\/wp-content\/uploads\/2024\/04\/000Aston-0921_160940.jpg\" alt=\"000Aston 0921_160940\" \/><\/figure><\/div><div class=\"swiper-slide\" role=\"group\" aria-roledescription=\"slide\" aria-label=\"10 sur 24\"><figure class=\"swiper-slide-inner\"><img decoding=\"async\" class=\"swiper-slide-image\" src=\"https:\/\/www.le-cyclopede.com\/wp-content\/uploads\/2024\/04\/000Aston-0922_163648.jpg\" alt=\"000Aston 0922_163648\" \/><\/figure><\/div><div class=\"swiper-slide\" role=\"group\" aria-roledescription=\"slide\" aria-label=\"11 sur 24\"><figure class=\"swiper-slide-inner\"><img decoding=\"async\" class=\"swiper-slide-image\" src=\"https:\/\/www.le-cyclopede.com\/wp-content\/uploads\/2024\/04\/000Aston-M1026_181300.jpg\" alt=\"000Aston M1026_181300\" \/><\/figure><\/div><div class=\"swiper-slide\" role=\"group\" aria-roledescription=\"slide\" aria-label=\"12 sur 24\"><figure class=\"swiper-slide-inner\"><img decoding=\"async\" class=\"swiper-slide-image\" src=\"https:\/\/www.le-cyclopede.com\/wp-content\/uploads\/2024\/04\/000Aston-Martin20231026_180907.jpg\" alt=\"000Aston Martin20231026_180907\" \/><\/figure><\/div><div class=\"swiper-slide\" role=\"group\" aria-roledescription=\"slide\" aria-label=\"13 sur 24\"><figure class=\"swiper-slide-inner\"><img decoding=\"async\" class=\"swiper-slide-image\" src=\"https:\/\/www.le-cyclopede.com\/wp-content\/uploads\/2024\/04\/000aston0924_155546.jpg\" alt=\"000aston0924_155546\" \/><\/figure><\/div><div class=\"swiper-slide\" role=\"group\" aria-roledescription=\"slide\" aria-label=\"14 sur 24\"><figure class=\"swiper-slide-inner\"><img decoding=\"async\" class=\"swiper-slide-image\" src=\"https:\/\/www.le-cyclopede.com\/wp-content\/uploads\/2024\/04\/000aston0924_155609.jpg\" alt=\"000aston0924_155609\" \/><\/figure><\/div><div class=\"swiper-slide\" role=\"group\" aria-roledescription=\"slide\" aria-label=\"15 sur 24\"><figure class=\"swiper-slide-inner\"><img decoding=\"async\" class=\"swiper-slide-image\" src=\"https:\/\/www.le-cyclopede.com\/wp-content\/uploads\/2024\/04\/000aston0924_155636.jpg\" alt=\"000aston0924_155636\" \/><\/figure><\/div><div class=\"swiper-slide\" role=\"group\" aria-roledescription=\"slide\" aria-label=\"16 sur 24\"><figure class=\"swiper-slide-inner\"><img decoding=\"async\" class=\"swiper-slide-image\" src=\"https:\/\/www.le-cyclopede.com\/wp-content\/uploads\/2024\/04\/000aston0924_155649.jpg\" alt=\"000aston0924_155649\" \/><\/figure><\/div><div class=\"swiper-slide\" role=\"group\" aria-roledescription=\"slide\" aria-label=\"17 sur 24\"><figure class=\"swiper-slide-inner\"><img decoding=\"async\" class=\"swiper-slide-image\" src=\"https:\/\/www.le-cyclopede.com\/wp-content\/uploads\/2024\/04\/000aston0924_155809.jpg\" alt=\"000aston0924_155809\" \/><\/figure><\/div><div class=\"swiper-slide\" role=\"group\" aria-roledescription=\"slide\" aria-label=\"18 sur 24\"><figure class=\"swiper-slide-inner\"><img decoding=\"async\" class=\"swiper-slide-image\" src=\"https:\/\/www.le-cyclopede.com\/wp-content\/uploads\/2024\/04\/000aston0924_155913.jpg\" alt=\"000aston0924_155913\" \/><\/figure><\/div><div class=\"swiper-slide\" role=\"group\" aria-roledescription=\"slide\" aria-label=\"19 sur 24\"><figure class=\"swiper-slide-inner\"><img decoding=\"async\" class=\"swiper-slide-image\" src=\"https:\/\/www.le-cyclopede.com\/wp-content\/uploads\/2024\/04\/000aston0924_155933.jpg\" alt=\"000aston0924_155933\" \/><\/figure><\/div><div class=\"swiper-slide\" role=\"group\" aria-roledescription=\"slide\" aria-label=\"20 sur 24\"><figure class=\"swiper-slide-inner\"><img decoding=\"async\" class=\"swiper-slide-image\" src=\"https:\/\/www.le-cyclopede.com\/wp-content\/uploads\/2024\/04\/000aston0924_160241.jpg\" alt=\"000aston0924_160241\" \/><\/figure><\/div><div class=\"swiper-slide\" role=\"group\" aria-roledescription=\"slide\" aria-label=\"21 sur 24\"><figure class=\"swiper-slide-inner\"><img decoding=\"async\" class=\"swiper-slide-image\" src=\"https:\/\/www.le-cyclopede.com\/wp-content\/uploads\/2024\/04\/000aston0924_160309.jpg\" alt=\"000aston0924_160309\" \/><\/figure><\/div><div class=\"swiper-slide\" role=\"group\" aria-roledescription=\"slide\" aria-label=\"22 sur 24\"><figure class=\"swiper-slide-inner\"><img decoding=\"async\" class=\"swiper-slide-image\" src=\"https:\/\/www.le-cyclopede.com\/wp-content\/uploads\/2024\/04\/000aston0924_164649.jpg\" alt=\"000aston0924_164649\" \/><\/figure><\/div><div class=\"swiper-slide\" role=\"group\" aria-roledescription=\"slide\" aria-label=\"23 sur 24\"><figure class=\"swiper-slide-inner\"><img decoding=\"async\" class=\"swiper-slide-image\" src=\"https:\/\/www.le-cyclopede.com\/wp-content\/uploads\/2024\/04\/000aston0924_164822.jpg\" alt=\"000aston0924_164822\" \/><\/figure><\/div><div class=\"swiper-slide\" role=\"group\" aria-roledescription=\"slide\" aria-label=\"24 sur 24\"><figure class=\"swiper-slide-inner\"><img decoding=\"async\" class=\"swiper-slide-image\" src=\"https:\/\/www.le-cyclopede.com\/wp-content\/uploads\/2024\/04\/000aston0924_164832.jpg\" alt=\"000aston0924_164832\" \/><\/figure><\/div>\t\t\t<\/div>\n\t\t\t\t\t\t\t\t\t\t\t\t<div class=\"elementor-swiper-button elementor-swiper-button-prev\" role=\"button\" tabindex=\"0\">\n\t\t\t\t\t\t<svg aria-hidden=\"true\" class=\"e-font-icon-svg e-eicon-chevron-left\" viewBox=\"0 0 1000 1000\" xmlns=\"http:\/\/www.w3.org\/2000\/svg\"><path d=\"M646 125C629 125 613 133 604 142L308 442C296 454 292 471 292 487 292 504 296 521 308 533L604 854C617 867 629 875 646 875 663 875 679 871 692 858 704 846 713 829 713 812 713 796 708 779 692 767L438 487 692 225C700 217 708 204 708 187 708 171 704 154 692 142 675 129 663 125 646 125Z\"><\/path><\/svg>\t\t\t\t\t<\/div>\n\t\t\t\t\t<div class=\"elementor-swiper-button elementor-swiper-button-next\" role=\"button\" tabindex=\"0\">\n\t\t\t\t\t\t<svg aria-hidden=\"true\" class=\"e-font-icon-svg e-eicon-chevron-right\" viewBox=\"0 0 1000 1000\" xmlns=\"http:\/\/www.w3.org\/2000\/svg\"><path d=\"M696 533C708 521 713 504 713 487 713 471 708 454 696 446L400 146C388 133 375 125 354 125 338 125 325 129 313 142 300 154 292 171 292 187 292 204 296 221 308 233L563 492 304 771C292 783 288 800 288 817 288 833 296 850 308 863 321 871 338 875 354 875 371 875 388 867 400 854L696 533Z\"><\/path><\/svg>\t\t\t\t\t<\/div>\n\t\t\t\t\n\t\t\t\t\t\t\t\t\t<div class=\"swiper-pagination\"><\/div>\n\t\t\t\t\t\t\t\t\t<\/div>\n\t\t\t\t\t\t<\/div>\n\t\t\t\t<\/div>\n\t\t\t\t<\/div>\n\t\t\t\t\t<\/div>\n\t\t\t\t<\/div>\n\t\t<div class=\"elementor-element elementor-element-64e4e35 e-flex e-con-boxed e-con e-parent\" data-id=\"64e4e35\" data-element_type=\"container\" data-e-type=\"container\">\n\t\t\t\t\t<div class=\"e-con-inner\">\n\t\t\t\t<div class=\"elementor-element elementor-element-26e9b63 elementor-widget elementor-widget-heading\" data-id=\"26e9b63\" data-element_type=\"widget\" data-e-type=\"widget\" data-widget_type=\"heading.default\">\n\t\t\t\t<div class=\"elementor-widget-container\">\n\t\t\t\t\t<div class=\"elementor-heading-title elementor-size-default\">Caract\u00e9ristiques<\/div>\t\t\t\t<\/div>\n\t\t\t\t<\/div>\n\t\t\t\t<div class=\"elementor-element elementor-element-020a4cb elementor-widget__width-inherit elementor-widget elementor-widget-image\" data-id=\"020a4cb\" data-element_type=\"widget\" data-e-type=\"widget\" data-widget_type=\"image.default\">\n\t\t\t\t<div class=\"elementor-widget-container\">\n\t\t\t\t\t\t\t\t\t\t\t\t\t\t\t<img fetchpriority=\"high\" decoding=\"async\" width=\"1876\" height=\"2560\" src=\"https:\/\/www.le-cyclopede.com\/wp-content\/uploads\/2024\/04\/WorkbookAston-4-scaled.jpg\" class=\"attachment-full size-full wp-image-430\" alt=\"\" srcset=\"https:\/\/www.le-cyclopede.com\/wp-content\/uploads\/2024\/04\/WorkbookAston-4-scaled.jpg 1876w, https:\/\/www.le-cyclopede.com\/wp-content\/uploads\/2024\/04\/WorkbookAston-4-220x300.jpg 220w, https:\/\/www.le-cyclopede.com\/wp-content\/uploads\/2024\/04\/WorkbookAston-4-750x1024.jpg 750w, https:\/\/www.le-cyclopede.com\/wp-content\/uploads\/2024\/04\/WorkbookAston-4-768x1048.jpg 768w, https:\/\/www.le-cyclopede.com\/wp-content\/uploads\/2024\/04\/WorkbookAston-4-1126x1536.jpg 1126w, https:\/\/www.le-cyclopede.com\/wp-content\/uploads\/2024\/04\/WorkbookAston-4-1501x2048.jpg 1501w, https:\/\/www.le-cyclopede.com\/wp-content\/uploads\/2024\/04\/WorkbookAston-4-1200x1638.jpg 1200w, https:\/\/www.le-cyclopede.com\/wp-content\/uploads\/2024\/04\/WorkbookAston-4-1980x2702.jpg 1980w\" sizes=\"100vw\" \/>\t\t\t\t\t\t\t\t\t\t\t\t\t\t\t<\/div>\n\t\t\t\t<\/div>\n\t\t\t\t\t<\/div>\n\t\t\t\t<\/div>\n\t\t<div class=\"elementor-element elementor-element-942c54f e-flex e-con-boxed e-con e-parent\" data-id=\"942c54f\" data-element_type=\"container\" data-e-type=\"container\">\n\t\t\t\t\t<div class=\"e-con-inner\">\n\t\t\t\t<div class=\"elementor-element elementor-element-77c34ad elementor-widget elementor-widget-shortcode\" data-id=\"77c34ad\" data-element_type=\"widget\" data-e-type=\"widget\" data-widget_type=\"shortcode.default\">\n\t\t\t\t<div class=\"elementor-widget-container\">\n\t\t\t\t\t\t\t<div class=\"elementor-shortcode\">wpforms id=\"2139\"<\/div>\n\t\t\t\t\t\t<\/div>\n\t\t\t\t<\/div>\n\t\t\t\t<div class=\"elementor-element elementor-element-cf3f6fd eael-flip-box--3d elementor-widget__width-initial eael-flipbox-content-align-center eael-flipbox-img-default elementor-widget elementor-widget-eael-flip-box\" data-id=\"cf3f6fd\" data-element_type=\"widget\" data-e-type=\"widget\" data-widget_type=\"eael-flip-box.default\">\n\t\t\t\t<div class=\"elementor-widget-container\">\n\t\t\t\t\t        <div class=\"eael-elements-flip-box-container eael-animate-flip eael-animate-left eael-content eael-flip-box-hover eael-flipbox-fixed-height eael-flipbox-dynamic\">\n\n            <a class=\"eael-elements-flip-box-flip-card\" href=\"https:\/\/www.le-cyclopede.com\/wpforms%20id=2139\">\n                <div class=\"eael-elements-flip-box-front-container\">\n                    \n                    \n                        <div class=\"eael-elements-slider-display-table\">\n                            <div class=\"eael-elements-flip-box-vertical-align\">\n                                <div class=\"eael-elements-flip-box-padding\">\n                                    <div class=\"eael-elements-flip-box-icon-image\">\n                                                                                    <img decoding=\"async\" class=\"eael-flipbox-image-as-icon\" src=\"https:\/\/www.le-cyclopede.com\/wp-content\/uploads\/2024\/04\/CV-Verso-Aston-G.png\" alt=\"\">\n                                                                            <\/div>\n                                                                        <div class=\"eael-elements-flip-box-content\">\n\t                                                                        <\/div>\n                                <\/div>\n                            <\/div>\n                        <\/div>\n                                    <\/div>\n\n                <div class=\"eael-elements-flip-box-rear-container\">\n                                                                <div class=\"eael-elements-slider-display-table\">\n                            <div class=\"eael-elements-flip-box-vertical-align\">\n                                <div class=\"eael-elements-flip-box-padding\">\n                                                                                                            <h1 class=\"eael-elements-flip-box-heading\">le.cyclopede@orange.fr<\/h1>\n                                                                        <div class=\"eael-elements-flip-box-content\">\n                                        <p>06 32 32 98 99<\/p>                                    <\/div>\n\n                                                                    <\/div>\n                            <\/div>\n                        <\/div>\n                                    <\/div>\n            <\/a>\n        <\/div>\n        \t\t\t\t<\/div>\n\t\t\t\t<\/div>\n\t\t\t\t\t<\/div>\n\t\t\t\t<\/div>\n\t\t\t\t<\/div>\n\t\t","protected":false},"excerpt":{"rendered":"<p>British Touch pour ce Beach-Cruiser Fa\u00e7on Aston-Martin. Sellerie BROOKS, Transmission STURMEY-ARCHER et le pr\u00e9cieux Vert Anglais ASTON-MARTIN Racing Team jusque dans l&rsquo;habillage cuir pleine fleur de la batterie. \u00a0Une petite touche vintage avec une fourche Springer Monark pour compl\u00e9ter la robe de notre belle anglaise. Des \u00e9quipements \u00e0 la hauteur de son nom: Frein disque &hellip; <\/p>\n<p class=\"link-more\"><a href=\"https:\/\/www.le-cyclopede.com\/?page_id=359\" class=\"more-link\">Continuer la lecture<span class=\"screen-reader-text\"> de &laquo;&nbsp;Aston Martin&nbsp;&raquo;<\/span><\/a><\/p>\n","protected":false},"author":1,"featured_media":0,"parent":0,"menu_order":0,"comment_status":"closed","ping_status":"closed","template":"elementor_canvas","meta":{"footnotes":""},"class_list":["post-359","page","type-page","status-publish","hentry"],"_links":{"self":[{"href":"https:\/\/www.le-cyclopede.com\/index.php?rest_route=\/wp\/v2\/pages\/359","targetHints":{"allow":["GET"]}}],"collection":[{"href":"https:\/\/www.le-cyclopede.com\/index.php?rest_route=\/wp\/v2\/pages"}],"about":[{"href":"https:\/\/www.le-cyclopede.com\/index.php?rest_route=\/wp\/v2\/types\/page"}],"author":[{"embeddable":true,"href":"https:\/\/www.le-cyclopede.com\/index.php?rest_route=\/wp\/v2\/users\/1"}],"replies":[{"embeddable":true,"href":"https:\/\/www.le-cyclopede.com\/index.php?rest_route=%2Fwp%2Fv2%2Fcomments&post=359"}],"version-history":[{"count":103,"href":"https:\/\/www.le-cyclopede.com\/index.php?rest_route=\/wp\/v2\/pages\/359\/revisions"}],"predecessor-version":[{"id":2269,"href":"https:\/\/www.le-cyclopede.com\/index.php?rest_route=\/wp\/v2\/pages\/359\/revisions\/2269"}],"wp:attachment":[{"href":"https:\/\/www.le-cyclopede.com\/index.php?rest_route=%2Fwp%2Fv2%2Fmedia&parent=359"}],"curies":[{"name":"wp","href":"https:\/\/api.w.org\/{rel}","templated":true}]}}